{"id":5,"date":"2021-03-21T15:19:13","date_gmt":"2021-03-21T15:19:13","guid":{"rendered":"https:\/\/dwusiarczekmolibdenu.pl\/?page_id=5"},"modified":"2021-03-28T20:16:15","modified_gmt":"2021-03-28T20:16:15","slug":"dwusiarczek-molibdenu","status":"publish","type":"page","link":"https:\/\/dwusiarczekmolibdenu.pl\/","title":{"rendered":"Dwusiarczek molibdenu"},"content":{"rendered":"\n<div class=\"wp-block-image\"><figure class=\"aligncenter size-full is-resized\"><img loading=\"lazy\" src=\"https:\/\/dwusiarczekmolibdenu.pl\/wp-content\/uploads\/2021\/03\/grupowxxxxxxxo-1.png\" alt=\"\" class=\"wp-image-20\" width=\"2160\" height=\"1620\" srcset=\"https:\/\/dwusiarczekmolibdenu.pl\/wp-content\/uploads\/2021\/03\/grupowxxxxxxxo-1.png 2160w, https:\/\/dwusiarczekmolibdenu.pl\/wp-content\/uploads\/2021\/03\/grupowxxxxxxxo-1-300x225.png 300w, https:\/\/dwusiarczekmolibdenu.pl\/wp-content\/uploads\/2021\/03\/grupowxxxxxxxo-1-1024x768.png 1024w, https:\/\/dwusiarczekmolibdenu.pl\/wp-content\/uploads\/2021\/03\/grupowxxxxxxxo-1-768x576.png 768w, https:\/\/dwusiarczekmolibdenu.pl\/wp-content\/uploads\/2021\/03\/grupowxxxxxxxo-1-1536x1152.png 1536w, https:\/\/dwusiarczekmolibdenu.pl\/wp-content\/uploads\/2021\/03\/grupowxxxxxxxo-1-2048x1536.png 2048w, https:\/\/dwusiarczekmolibdenu.pl\/wp-content\/uploads\/2021\/03\/grupowxxxxxxxo-1-1568x1176.png 1568w\" sizes=\"(max-width: 2160px) 100vw, 2160px\" \/><\/figure><\/div>\n\n\n\n<p class=\"has-text-align-center\"><strong>Dwusiarczek molibdenu<\/strong> znany pod skr\u00f3tem chemicznym jako MoS2 jest popularnym dodatkiem do oleju. Zapewnia stabiln\u0105 prac\u0119 i niezawodno\u015b\u0107 silnika. Dwusiarczek ten, gdy znajduje si\u0119 w produkcie przyczynia si\u0119 do powstania na powierzchniach nara\u017conych na tarcie, wysokiej jako\u015bci filmu olejowego, kt\u00f3ry zapobiega zu\u017cyciu silnika. Innymi s\u0142owy, mo\u017cna powiedzie\u0107, \u017ce dwusiarczek molibdenu ma doskona\u0142e w\u0142a\u015bciwo\u015bci smarne i sprawia, \u017ce zostaje zapewniona du\u017ca odporno\u015b\u0107 na \u015bcieranie, przez co zwi\u0119ksza si\u0119 efektywno\u015b\u0107 pracy silnika oraz wyd\u0142u\u017ca jego \u017cywotno\u015b\u0107.<\/p>\n\n\n\n<p class=\"has-text-align-center\">Kontakt:  <strong>667 453 776<\/strong><\/p>\n","protected":false},"excerpt":{"rendered":"<p>Dwusiarczek molibdenu znany pod skr\u00f3tem chemicznym jako MoS2 jest popularnym dodatkiem do oleju. Zapewnia stabiln\u0105 prac\u0119 i niezawodno\u015b\u0107 silnika. Dwusiarczek ten, gdy znajduje si\u0119 w produkcie przyczynia si\u0119 do powstania na powierzchniach nara\u017conych na tarcie, wysokiej jako\u015bci filmu olejowego, kt\u00f3ry zapobiega zu\u017cyciu silnika. Innymi s\u0142owy, mo\u017cna powiedzie\u0107, \u017ce dwusiarczek molibdenu ma doskona\u0142e w\u0142a\u015bciwo\u015bci smarne i&hellip; <a class=\"more-link\" href=\"https:\/\/dwusiarczekmolibdenu.pl\/\">Czytaj dalej <span class=\"screen-reader-text\">Dwusiarczek molibdenu<\/span><\/a><\/p>\n","protected":false},"author":1,"featured_media":0,"parent":0,"menu_order":0,"comment_status":"closed","ping_status":"closed","template":"","meta":[],"_links":{"self":[{"href":"https:\/\/dwusiarczekmolibdenu.pl\/index.php?rest_route=\/wp\/v2\/pages\/5"}],"collection":[{"href":"https:\/\/dwusiarczekmolibdenu.pl\/index.php?rest_route=\/wp\/v2\/pages"}],"about":[{"href":"https:\/\/dwusiarczekmolibdenu.pl\/index.php?rest_route=\/wp\/v2\/types\/page"}],"author":[{"embeddable":true,"href":"https:\/\/dwusiarczekmolibdenu.pl\/index.php?rest_route=\/wp\/v2\/users\/1"}],"replies":[{"embeddable":true,"href":"https:\/\/dwusiarczekmolibdenu.pl\/index.php?rest_route=%2Fwp%2Fv2%2Fcomments&post=5"}],"version-history":[{"count":11,"href":"https:\/\/dwusiarczekmolibdenu.pl\/index.php?rest_route=\/wp\/v2\/pages\/5\/revisions"}],"predecessor-version":[{"id":25,"href":"https:\/\/dwusiarczekmolibdenu.pl\/index.php?rest_route=\/wp\/v2\/pages\/5\/revisions\/25"}],"wp:attachment":[{"href":"https:\/\/dwusiarczekmolibdenu.pl\/index.php?rest_route=%2Fwp%2Fv2%2Fmedia&parent=5"}],"curies":[{"name":"wp","href":"https:\/\/api.w.org\/{rel}","templated":true}]}}